{"id":54,"date":"2023-06-28T23:28:03","date_gmt":"2023-06-28T23:28:03","guid":{"rendered":"https:\/\/viavai.com\/audio_racconti\/?page_id=54"},"modified":"2023-08-06T14:55:49","modified_gmt":"2023-08-06T14:55:49","slug":"concorso-per-audioletturi","status":"publish","type":"page","link":"https:\/\/viavai.com\/audio_racconti\/?page_id=54","title":{"rendered":"Concorso per audiolettori"},"content":{"rendered":"\n<p>Scopo del concorso \u00e8 incrementare l\u2019attivit\u00e0 di lettura, incentivare l\u2019uso corretto della lingua italiana, promuovere l\u2019ascolto di audioracconti, poesie, racconti brevi, in primis, e scoprire un vostro talento nascosto.<br>Il concorso \u00e8 totalmente gratuito, cos\u00ec come la vostra partecipazione e nessun compenso \u00e8 previsto.<\/p>\n\n\n\n<p>REGOLE DI PARTECIPAZIONE<\/p>\n\n\n\n<ul>\n<li>Essere maggiorenni, scrivere e parlare correntemente la lingua italiana<\/li>\n\n\n\n<li>Iscriversi, lasciando i propri dati ed email di contatto, contattando il gruppo: \u2018parliamo di audioracconti\u2019 o <a href=\"mailto:audioracconti@viavai.com\">audioracconti@viavai.com<\/a><br>Chi partecipa \u00e8 invitato a iscriversi al gruppo, tramite il link <a href=\"https:\/\/t.me\/+2RXDrRsA_WExOWJk\">https:\/\/t.me\/+2RXDrRsA_WExOWJk<\/a><\/li>\n\n\n\n<li>Inviare il testo che intendete leggere in formato pdf\/doc o formato immagine<\/li>\n\n\n\n<li>Inviare la vostra audiolettura, che NON dovr\u00e0 superare gli 8 minuti, indipendentemente dalla durata del testo, in formato aac\/ogg o mp3<br>Consigliamo comunque di optare per poesie\/racconti brevi che siano conclusivi.<\/li>\n\n\n\n<li>Il vostro file audio verr\u00e0 pubblicato sul canale e sul podcast per la durata di 7 giorni<\/li>\n\n\n\n<li>Il\/i vincitori avranno la possibilit\u00e0 di collaborare temporaneamente o stabilmente al nostro canale con le proprie audioletture , ma sar\u00e0 vietato scrivere o leggere link a siti internet\/social estranei al canale telegram audioracconti o siti e social collegati ad audioracconti, salvo accordi con la redazione, a pena della cancellazione immediata dal canale e gruppo.<\/li>\n<\/ul>\n\n\n\n<p>CRITERI DI SELEZIONE:<br>1 &#8211; Inviare per primi la richiesta di partecipazione, completa dell\u2019invio del testo e file audio<br>2 &#8211; Ricevere il maggior numero di visualizzazioni e scaricamenti<br>3 &#8211; Ricevere il miglior punteggio nel sondaggio di apprezzamento della vostra lettura<br>4- Avere una dizione corretta, qualit\u00e0 della lettura e corrispondenza della recitazione al testo da leggere.<br>I criteri avranno ciascuno un diverso peso nel giudizio finale; resta ovviamente fondamentale e insindacabile la valutazione della nostra redazione.<\/p>\n\n\n\n<p>Ogni comunicazione avverr\u00e0 tramite il gruppo: \u2018Parliamo di audioracconti\u201d o personalmente via email su <a href=\"mailto:audioracconti@viavai.com\">audioracconti@viavai.com<\/a><br>Buon lavoro!<\/p>\n\n\n\n<p><\/p>\n","protected":false},"excerpt":{"rendered":"<p>Scopo del concorso \u00e8 incrementare l\u2019attivit\u00e0 di lettura, incentivare l\u2019uso corretto della lingua italiana, promuovere l\u2019ascolto di audioracconti, poesie, racconti brevi, in primis, e scoprire un vostro talento nascosto.Il concorso \u00e8 totalmente gratuito, cos\u00ec come la vostra partecipazione e nessun compenso \u00e8 previsto. REGOLE DI PARTECIPAZIONE CRITERI DI SELEZIONE:1 &#8211; Inviare per primi la richiesta [&hellip;]<\/p>\n","protected":false},"author":1,"featured_media":0,"parent":0,"menu_order":0,"comment_status":"closed","ping_status":"closed","template":"","meta":{"_regular_price":[],"currency_symbol":[],"footnotes":""},"post_slider_layout_featured_media_urls":{"thumbnail":"","post_slider_layout_landscape_large":"","post_slider_layout_portrait_large":"","post_slider_layout_square_large":"","post_slider_layout_landscape":"","post_slider_layout_portrait":"","post_slider_layout_square":"","full":""},"_links":{"self":[{"href":"https:\/\/viavai.com\/audio_racconti\/index.php?rest_route=\/wp\/v2\/pages\/54"}],"collection":[{"href":"https:\/\/viavai.com\/audio_racconti\/index.php?rest_route=\/wp\/v2\/pages"}],"about":[{"href":"https:\/\/viavai.com\/audio_racconti\/index.php?rest_route=\/wp\/v2\/types\/page"}],"author":[{"embeddable":true,"href":"https:\/\/viavai.com\/audio_racconti\/index.php?rest_route=\/wp\/v2\/users\/1"}],"replies":[{"embeddable":true,"href":"https:\/\/viavai.com\/audio_racconti\/index.php?rest_route=%2Fwp%2Fv2%2Fcomments&post=54"}],"version-history":[{"count":10,"href":"https:\/\/viavai.com\/audio_racconti\/index.php?rest_route=\/wp\/v2\/pages\/54\/revisions"}],"predecessor-version":[{"id":921,"href":"https:\/\/viavai.com\/audio_racconti\/index.php?rest_route=\/wp\/v2\/pages\/54\/revisions\/921"}],"wp:attachment":[{"href":"https:\/\/viavai.com\/audio_racconti\/index.php?rest_route=%2Fwp%2Fv2%2Fmedia&parent=54"}],"curies":[{"name":"wp","href":"https:\/\/api.w.org\/{rel}","templated":true}]}}